{"id":10954,"date":"2023-12-22T16:09:35","date_gmt":"2023-12-22T15:09:35","guid":{"rendered":"https:\/\/nownow.gallery\/shop\/unkategorisiert\/boten-aus-der-ferne\/"},"modified":"2025-04-08T08:41:27","modified_gmt":"2025-04-08T06:41:27","slug":"nahtod-erfahrung","status":"publish","type":"product","link":"https:\/\/nownow.gallery\/de\/shop\/meeresleben\/boten-aus-der-ferne\/","title":{"rendered":"Messengers From Afar"},"content":{"rendered":"<h3>Nahtod-Erfahrung<\/h3>\n<p>F\u00fcr eine Reportage durfte ich Krabbenfischer auf der Nordsee begleiten. Es war das erste Mal, dass ich auf einem solchen Boot war, und ich war ziemlich naiv und unvorsichtig. Ich begann in der Dunkelheit zu fotografieren, stolperte und fiel fast \u00fcber die niedrige Reling ins schwarze Meer. Das w\u00e4re zweifellos mein Tod gewesen. Das Wasser war eisig und die Besatzung war noch drinnen. Niemand h\u00e4tte mein Verschwinden bemerkt; ich w\u00e4re erfroren. Nach diesem Schreck habe ich genau hingesehen und ein paar tolle Fotos gemacht. Beim ersten Fang tauchten die M\u00f6wen aus der Dunkelheit auf. Die Krabben klatschten aus dem Netz auf das Boot, die V\u00f6gel tanzten und flogen um den Kutter herum, und die Fischer verrichteten routiniert ihre Arbeit. Es war wie eine eigene Choreographie, wie ein Theaterst\u00fcck. Absolut faszinierend.<\/p>\n","protected":false},"excerpt":{"rendered":"<p>2017, Animal(istic), Sea Life, Messengers From Afar, M\u00f6we, Nacht, Nordsee, Reisen, Seaside, Vogel, Fritz Beck<\/p>\n","protected":false},"featured_media":9064,"comment_status":"closed","ping_status":"closed","template":"","meta":{"iawp_total_views":28},"product_brand":[],"product_cat":[551,548],"product_tag":[674,596,675,673,530,554],"class_list":{"0":"post-10954","1":"product","2":"type-product","3":"status-publish","4":"has-post-thumbnail","6":"product_cat-tieristisch","7":"product_cat-meeresleben","8":"product_tag-mowe","9":"product_tag-nacht-de","10":"product_tag-nordsee","11":"product_tag-reisen","12":"product_tag-seaside-de","13":"product_tag-vogel-de","15":"first","16":"instock","17":"taxable","18":"shipping-taxable","19":"purchasable","20":"product-type-variable"},"supplier_id":null,"supplier_sku":"","barcode":null,"atum_controlled":true,"out_stock_date":null,"out_stock_threshold":null,"inheritable":false,"inbound_stock":null,"stock_on_hold":0,"sold_today":0,"sales_last_days":0,"reserved_stock":null,"customer_returns":null,"warehouse_damage":null,"lost_in_post":null,"other_logs":null,"out_stock_days":0,"lost_sales":0,"has_location":null,"update_date":"2024-11-30T00:16:39","atum_locations":[],"atum_stock_status":"instock","restock_status":false,"low_stock_amount":"","sales_update_date":"2024-11-30T00:16:39","calc_backorders":null,"_links":{"self":[{"href":"https:\/\/nownow.gallery\/de\/wp-json\/wp\/v2\/product\/10954","targetHints":{"allow":["GET"]}}],"collection":[{"href":"https:\/\/nownow.gallery\/de\/wp-json\/wp\/v2\/product"}],"about":[{"href":"https:\/\/nownow.gallery\/de\/wp-json\/wp\/v2\/types\/product"}],"replies":[{"embeddable":true,"href":"https:\/\/nownow.gallery\/de\/wp-json\/wp\/v2\/comments?post=10954"}],"wp:featuredmedia":[{"embeddable":true,"href":"https:\/\/nownow.gallery\/de\/wp-json\/wp\/v2\/media\/9064"}],"wp:attachment":[{"href":"https:\/\/nownow.gallery\/de\/wp-json\/wp\/v2\/media?parent=10954"}],"wp:term":[{"taxonomy":"product_brand","embeddable":true,"href":"https:\/\/nownow.gallery\/de\/wp-json\/wp\/v2\/product_brand?post=10954"},{"taxonomy":"product_cat","embeddable":true,"href":"https:\/\/nownow.gallery\/de\/wp-json\/wp\/v2\/product_cat?post=10954"},{"taxonomy":"product_tag","embeddable":true,"href":"https:\/\/nownow.gallery\/de\/wp-json\/wp\/v2\/product_tag?post=10954"}],"curies":[{"name":"wp","href":"https:\/\/api.w.org\/{rel}","templated":true}]}}