{"id":10950,"date":"2023-12-22T16:19:36","date_gmt":"2023-12-22T15:19:36","guid":{"rendered":"https:\/\/nownow.gallery\/shop\/unkategorisiert\/das-paradies-in-einer-nussschale-blumen\/"},"modified":"2025-04-08T08:28:12","modified_gmt":"2025-04-08T06:28:12","slug":"palme-auf-aruba","status":"publish","type":"product","link":"https:\/\/nownow.gallery\/de\/shop\/natur-liebe\/das-paradies-in-einer-nussschale-blumen\/","title":{"rendered":"Paradise in a Nutshell"},"content":{"rendered":"<h3>Palme auf Aruba<\/h3>\n<p>Dieses Bild habe ich w\u00e4hrend eines spontanen Aufenthalts auf der Karibikinsel Aruba aufgenommen. Es zeigt den Stumpf einer Palme. Die Struktur gefiel mir, und ich hatte das Gef\u00fchl, dass dieses Detail auf unkomplizierte und doch spannende Weise in alle m\u00f6glichen Szenarien eingewoben werden k\u00f6nnte.<\/p>\n","protected":false},"excerpt":{"rendered":"<p>2016, Nature Love, Paradise in a Nutshell, Blume, Karibikinsel, Natur, Palme, Helga Traxler<\/p>\n","protected":false},"featured_media":9037,"comment_status":"closed","ping_status":"closed","template":"","meta":{"iawp_total_views":3},"product_brand":[],"product_cat":[461],"product_tag":[672,671,463,627],"class_list":{"0":"post-10950","1":"product","2":"type-product","3":"status-publish","4":"has-post-thumbnail","6":"product_cat-natur-liebe","7":"product_tag-blume","8":"product_tag-karibikinsel","9":"product_tag-natur-de","10":"product_tag-palme-de","12":"first","13":"instock","14":"featured","15":"taxable","16":"shipping-taxable","17":"purchasable","18":"product-type-variable"},"supplier_id":null,"supplier_sku":"","barcode":null,"atum_controlled":true,"out_stock_date":null,"out_stock_threshold":null,"inheritable":true,"inbound_stock":null,"stock_on_hold":0,"sold_today":0,"sales_last_days":0,"reserved_stock":null,"customer_returns":null,"warehouse_damage":null,"lost_in_post":null,"other_logs":null,"out_stock_days":0,"lost_sales":0,"has_location":false,"update_date":"2025-01-29T09:17:53","atum_locations":[],"atum_stock_status":"instock","restock_status":false,"low_stock_amount":"","sales_update_date":"2024-11-23T00:03:12","calc_backorders":null,"_links":{"self":[{"href":"https:\/\/nownow.gallery\/de\/wp-json\/wp\/v2\/product\/10950","targetHints":{"allow":["GET"]}}],"collection":[{"href":"https:\/\/nownow.gallery\/de\/wp-json\/wp\/v2\/product"}],"about":[{"href":"https:\/\/nownow.gallery\/de\/wp-json\/wp\/v2\/types\/product"}],"replies":[{"embeddable":true,"href":"https:\/\/nownow.gallery\/de\/wp-json\/wp\/v2\/comments?post=10950"}],"wp:featuredmedia":[{"embeddable":true,"href":"https:\/\/nownow.gallery\/de\/wp-json\/wp\/v2\/media\/9037"}],"wp:attachment":[{"href":"https:\/\/nownow.gallery\/de\/wp-json\/wp\/v2\/media?parent=10950"}],"wp:term":[{"taxonomy":"product_brand","embeddable":true,"href":"https:\/\/nownow.gallery\/de\/wp-json\/wp\/v2\/product_brand?post=10950"},{"taxonomy":"product_cat","embeddable":true,"href":"https:\/\/nownow.gallery\/de\/wp-json\/wp\/v2\/product_cat?post=10950"},{"taxonomy":"product_tag","embeddable":true,"href":"https:\/\/nownow.gallery\/de\/wp-json\/wp\/v2\/product_tag?post=10950"}],"curies":[{"name":"wp","href":"https:\/\/api.w.org\/{rel}","templated":true}]}}