{"id":10652,"date":"2024-04-19T14:38:52","date_gmt":"2024-04-19T12:38:52","guid":{"rendered":"https:\/\/nownow.gallery\/shop\/unkategorisiert\/pizza-party\/"},"modified":"2025-03-26T09:14:25","modified_gmt":"2025-03-26T08:14:25","slug":"pizza-party","status":"publish","type":"product","link":"https:\/\/nownow.gallery\/de\/shop\/essen-liebe\/pizza-party\/","title":{"rendered":"Pizza Party"},"content":{"rendered":"<h3>Von der unb\u00e4ndigen Lust auf Pizza<\/h3>\n<p>Dieses Foto entstand in einer Pizzeria auf der kleinen Insel Gili Air. Die Aufnahme spiegelt den Moment perfekt wider, als sich meine Familie hungrig auf einen gedeckten Tisch mit hei\u00dfen Pizzen und kalten Getr\u00e4nken st\u00fcrzt. Alle Manieren und Regeln sind dahin, das urspr\u00fcngliche Bed\u00fcrfnis zu essen, gewinnt die Oberhand. Es war ein rasantes Festmahl, ein lustiger und herzerw\u00e4rmender Moment, den ich mit den Menschen teilte, die ich am meisten liebe.<\/p>\n","protected":false},"excerpt":{"rendered":"<p>Food Love, Joy, Uncategorized, Pizza Party, Diner, Lebensmittel, Menschlich, Partei, pizza, David Barnwell<\/p>\n","protected":false},"featured_media":9267,"comment_status":"closed","ping_status":"closed","template":"","meta":{"iawp_total_views":11},"product_brand":[],"product_cat":[467,468,778],"product_tag":[656,579,654,650,655],"class_list":{"0":"post-10652","1":"product","2":"type-product","3":"status-publish","4":"has-post-thumbnail","6":"product_cat-essen-liebe","7":"product_cat-freude","8":"product_cat-uncategorized-de","9":"product_tag-diner-de","10":"product_tag-lebensmittel","11":"product_tag-menschlich","12":"product_tag-partei","13":"product_tag-pizza-de","15":"first","16":"instock","17":"featured","18":"taxable","19":"shipping-taxable","20":"purchasable","21":"product-type-variable"},"supplier_id":null,"supplier_sku":"","barcode":null,"atum_controlled":true,"out_stock_date":null,"out_stock_threshold":null,"inheritable":true,"inbound_stock":null,"stock_on_hold":0,"sold_today":0,"sales_last_days":0,"reserved_stock":null,"customer_returns":null,"warehouse_damage":null,"lost_in_post":null,"other_logs":null,"out_stock_days":0,"lost_sales":0,"has_location":false,"update_date":"2025-01-16T07:22:53","atum_locations":[],"atum_stock_status":"instock","restock_status":false,"low_stock_amount":"","sales_update_date":"2024-11-28T00:10:13","calc_backorders":null,"_links":{"self":[{"href":"https:\/\/nownow.gallery\/de\/wp-json\/wp\/v2\/product\/10652","targetHints":{"allow":["GET"]}}],"collection":[{"href":"https:\/\/nownow.gallery\/de\/wp-json\/wp\/v2\/product"}],"about":[{"href":"https:\/\/nownow.gallery\/de\/wp-json\/wp\/v2\/types\/product"}],"replies":[{"embeddable":true,"href":"https:\/\/nownow.gallery\/de\/wp-json\/wp\/v2\/comments?post=10652"}],"wp:featuredmedia":[{"embeddable":true,"href":"https:\/\/nownow.gallery\/de\/wp-json\/wp\/v2\/media\/9267"}],"wp:attachment":[{"href":"https:\/\/nownow.gallery\/de\/wp-json\/wp\/v2\/media?parent=10652"}],"wp:term":[{"taxonomy":"product_brand","embeddable":true,"href":"https:\/\/nownow.gallery\/de\/wp-json\/wp\/v2\/product_brand?post=10652"},{"taxonomy":"product_cat","embeddable":true,"href":"https:\/\/nownow.gallery\/de\/wp-json\/wp\/v2\/product_cat?post=10652"},{"taxonomy":"product_tag","embeddable":true,"href":"https:\/\/nownow.gallery\/de\/wp-json\/wp\/v2\/product_tag?post=10652"}],"curies":[{"name":"wp","href":"https:\/\/api.w.org\/{rel}","templated":true}]}}