{"id":10429,"date":"2024-04-19T17:02:04","date_gmt":"2024-04-19T15:02:04","guid":{"rendered":"https:\/\/nownow.gallery\/shop\/unkategorisiert\/schnelle-reise\/"},"modified":"2025-03-09T10:22:49","modified_gmt":"2025-03-09T09:22:49","slug":"ufo-sichtung","status":"publish","type":"product","link":"https:\/\/nownow.gallery\/de\/shop\/reisen\/schnelle-reise\/","title":{"rendered":"Fast Trip"},"content":{"rendered":"<h3>UFO-Sichtung in Arizona<\/h3>\n<p>Das Bild ist Teil der Serie Billboards, f\u00fcr die ich Werbetafeln und Tankstellen fotografiert und dann ihre St\u00fctzen und S\u00e4ulen wegretuschiert habe. Dadurch erhielten die Bilder einen futuristischen Look, denn die Werbetafeln und D\u00e4cher schweben wie UFOs \u00fcber der Landschaft, den St\u00e4dten oder der Infrastruktur. Diese Tankstelle habe ich in Arizona fotografiert. Im Jahr 2020 k\u00f6nnte ich einen Teil der acht Bilder umfassenden Serie in den Kunstinseln am Lenbachplatz in M\u00fcnchen zeigen. Es ist ein Projekt f\u00fcr Kunst im \u00f6ffentlichen Raum, bei dem K\u00fcnstler im Wechsel ausstellen.<\/p>\n","protected":false},"excerpt":{"rendered":"<p>2020, America, Travel, Uncategorized, Fast Trip, Amerika, Auto, Gasanstalt, Stra\u00dfe, Markus Burke<\/p>\n","protected":false},"featured_media":9274,"comment_status":"closed","ping_status":"closed","template":"","meta":{"iawp_total_views":99},"product_brand":[],"product_cat":[632,489,778],"product_tag":[633,500,634,506],"class_list":{"0":"post-10429","1":"product","2":"type-product","3":"status-publish","4":"has-post-thumbnail","6":"product_cat-amerika","7":"product_cat-reisen","8":"product_cat-uncategorized-de","9":"product_tag-amerika","10":"product_tag-auto","11":"product_tag-gasanstalt","12":"product_tag-strase","14":"first","15":"instock","16":"featured","17":"taxable","18":"shipping-taxable","19":"purchasable","20":"product-type-variable","21":"has-default-attributes"},"supplier_id":null,"supplier_sku":"","barcode":null,"atum_controlled":true,"out_stock_date":null,"out_stock_threshold":null,"inheritable":true,"inbound_stock":null,"stock_on_hold":1,"sold_today":1,"sales_last_days":1,"reserved_stock":null,"customer_returns":null,"warehouse_damage":null,"lost_in_post":null,"other_logs":null,"out_stock_days":0,"lost_sales":0,"has_location":false,"update_date":"2025-08-04T09:48:00","atum_locations":[],"atum_stock_status":"instock","restock_status":false,"low_stock_amount":"","sales_update_date":"2024-11-28T00:10:48","calc_backorders":null,"_links":{"self":[{"href":"https:\/\/nownow.gallery\/de\/wp-json\/wp\/v2\/product\/10429","targetHints":{"allow":["GET"]}}],"collection":[{"href":"https:\/\/nownow.gallery\/de\/wp-json\/wp\/v2\/product"}],"about":[{"href":"https:\/\/nownow.gallery\/de\/wp-json\/wp\/v2\/types\/product"}],"replies":[{"embeddable":true,"href":"https:\/\/nownow.gallery\/de\/wp-json\/wp\/v2\/comments?post=10429"}],"wp:featuredmedia":[{"embeddable":true,"href":"https:\/\/nownow.gallery\/de\/wp-json\/wp\/v2\/media\/9274"}],"wp:attachment":[{"href":"https:\/\/nownow.gallery\/de\/wp-json\/wp\/v2\/media?parent=10429"}],"wp:term":[{"taxonomy":"product_brand","embeddable":true,"href":"https:\/\/nownow.gallery\/de\/wp-json\/wp\/v2\/product_brand?post=10429"},{"taxonomy":"product_cat","embeddable":true,"href":"https:\/\/nownow.gallery\/de\/wp-json\/wp\/v2\/product_cat?post=10429"},{"taxonomy":"product_tag","embeddable":true,"href":"https:\/\/nownow.gallery\/de\/wp-json\/wp\/v2\/product_tag?post=10429"}],"curies":[{"name":"wp","href":"https:\/\/api.w.org\/{rel}","templated":true}]}}