{"id":10409,"date":"2024-04-19T16:59:05","date_gmt":"2024-04-19T14:59:05","guid":{"rendered":"https:\/\/nownow.gallery\/shop\/unkategorisiert\/zum-kern\/"},"modified":"2025-02-10T10:49:20","modified_gmt":"2025-02-10T09:49:20","slug":"seele-tier","status":"publish","type":"product","link":"https:\/\/nownow.gallery\/de\/shop\/tieristisch\/zum-kern\/","title":{"rendered":"To the Core"},"content":{"rendered":"<h3>Die Seele eines Tieres<\/h3>\n<p>Ich habe diesen Widder im Haus von Gabriella von Habsburg bei Starnberg getroffen. Die K\u00fcnstlerin und Kunstprofessorin stammt aus der \u00f6sterreichischen Dynastie der Habsburger und war einst Botschafter Georgiens in Deutschland. Ich habe sie f\u00fcr ein Magazin portr\u00e4tiert, fand aber ihre Schafe und Ziegen aufregender; sie waren anmutig und einzigartig, so wie dieser Ziegebock. Nach dem Auftrag interessierte sich niemand f\u00fcr dieses Bild, weil es ja um Gabriella von Habsburg gehen sollte. Aber f\u00fcr mich ist es immer noch das Beste aus der Serie. Es liegt eine unbeschreibliche Tiefe im Blick des Tieres.<\/p>\n","protected":false},"excerpt":{"rendered":"<p>2018, Animal(istic), Uncategorized, To the Core, Schafe, Tier, Fritz Beck<\/p>\n","protected":false},"featured_media":9273,"comment_status":"closed","ping_status":"closed","template":"","meta":{"iawp_total_views":14},"product_brand":[],"product_cat":[551,778],"product_tag":[631,607],"class_list":{"0":"post-10409","1":"product","2":"type-product","3":"status-publish","4":"has-post-thumbnail","6":"product_cat-tieristisch","7":"product_cat-uncategorized-de","8":"product_tag-schafe","9":"product_tag-tier","11":"first","12":"instock","13":"featured","14":"taxable","15":"shipping-taxable","16":"purchasable","17":"product-type-variable"},"supplier_id":null,"supplier_sku":"","barcode":null,"atum_controlled":true,"out_stock_date":null,"out_stock_threshold":null,"inheritable":true,"inbound_stock":null,"stock_on_hold":0,"sold_today":0,"sales_last_days":0,"reserved_stock":null,"customer_returns":null,"warehouse_damage":null,"lost_in_post":null,"other_logs":null,"out_stock_days":0,"lost_sales":0,"has_location":false,"update_date":"2025-01-14T08:16:05","atum_locations":[],"atum_stock_status":"instock","restock_status":false,"low_stock_amount":"","sales_update_date":"2024-11-28T00:10:46","calc_backorders":null,"_links":{"self":[{"href":"https:\/\/nownow.gallery\/de\/wp-json\/wp\/v2\/product\/10409","targetHints":{"allow":["GET"]}}],"collection":[{"href":"https:\/\/nownow.gallery\/de\/wp-json\/wp\/v2\/product"}],"about":[{"href":"https:\/\/nownow.gallery\/de\/wp-json\/wp\/v2\/types\/product"}],"replies":[{"embeddable":true,"href":"https:\/\/nownow.gallery\/de\/wp-json\/wp\/v2\/comments?post=10409"}],"wp:featuredmedia":[{"embeddable":true,"href":"https:\/\/nownow.gallery\/de\/wp-json\/wp\/v2\/media\/9273"}],"wp:attachment":[{"href":"https:\/\/nownow.gallery\/de\/wp-json\/wp\/v2\/media?parent=10409"}],"wp:term":[{"taxonomy":"product_brand","embeddable":true,"href":"https:\/\/nownow.gallery\/de\/wp-json\/wp\/v2\/product_brand?post=10409"},{"taxonomy":"product_cat","embeddable":true,"href":"https:\/\/nownow.gallery\/de\/wp-json\/wp\/v2\/product_cat?post=10409"},{"taxonomy":"product_tag","embeddable":true,"href":"https:\/\/nownow.gallery\/de\/wp-json\/wp\/v2\/product_tag?post=10409"}],"curies":[{"name":"wp","href":"https:\/\/api.w.org\/{rel}","templated":true}]}}