{"id":10385,"date":"2024-04-19T14:58:53","date_gmt":"2024-04-19T12:58:53","guid":{"rendered":"https:\/\/nownow.gallery\/shop\/unkategorisiert\/palmen-am-himmel\/"},"modified":"2025-03-25T09:33:55","modified_gmt":"2025-03-25T08:33:55","slug":"dergluecklichstemann","status":"publish","type":"product","link":"https:\/\/nownow.gallery\/de\/shop\/natur-liebe\/palmen-am-himmel\/","title":{"rendered":"Palms in the Sky"},"content":{"rendered":"<h3>Der gl\u00fccklichste Mann der Welt<\/h3>\n<p>Diese Aufnahme entstand, als ich allein vom Strand nach Hause ging und dar\u00fcber nachdachte, wie viel Gl\u00fcck ich habe, die Welt nur zu meinem Vergn\u00fcgen zu bereisen. Aus irgendeinem Grund blickte ich kurz nach oben und fand mich unter einem Baldachin aus Palmen wieder. Die B\u00e4ume wiegten sanft im Wind. Es gibt Tausende solcher Momente, die sich jede Sekunde auf unserem Planeten ereignen, aber dieser war f\u00fcr mich etwas Besonderes. Eine kurze Sekunde reiner Gl\u00fcckseligkeit, gek\u00fcsst von der Sonne und dem hei\u00dfen Wind \u00fcber mir, und das Gef\u00fchl, der gl\u00fccklichste Mann der Welt zu sein.<\/p>\n","protected":false},"excerpt":{"rendered":"<p>Nature Love, Uncategorized, Palms in the Sky, Baum, Himmel, Natur, Palme, Palme, David Barnwell<\/p>\n","protected":false},"featured_media":9268,"comment_status":"closed","ping_status":"closed","template":"","meta":{"iawp_total_views":7},"product_brand":[],"product_cat":[461,778],"product_tag":[625,542,463,626,627],"class_list":{"0":"post-10385","1":"product","2":"type-product","3":"status-publish","4":"has-post-thumbnail","6":"product_cat-natur-liebe","7":"product_cat-uncategorized-de","8":"product_tag-baum","9":"product_tag-himmel","10":"product_tag-natur-de","11":"product_tag-palme","12":"product_tag-palme-de","14":"first","15":"instock","16":"featured","17":"taxable","18":"shipping-taxable","19":"purchasable","20":"product-type-variable"},"supplier_id":null,"supplier_sku":"","barcode":null,"atum_controlled":true,"out_stock_date":null,"out_stock_threshold":null,"inheritable":true,"inbound_stock":null,"stock_on_hold":0,"sold_today":0,"sales_last_days":0,"reserved_stock":null,"customer_returns":null,"warehouse_damage":null,"lost_in_post":null,"other_logs":null,"out_stock_days":0,"lost_sales":0,"has_location":false,"update_date":"2025-01-15T07:17:29","atum_locations":[],"atum_stock_status":"instock","restock_status":false,"low_stock_amount":"","sales_update_date":"2024-11-28T00:10:27","calc_backorders":null,"_links":{"self":[{"href":"https:\/\/nownow.gallery\/de\/wp-json\/wp\/v2\/product\/10385","targetHints":{"allow":["GET"]}}],"collection":[{"href":"https:\/\/nownow.gallery\/de\/wp-json\/wp\/v2\/product"}],"about":[{"href":"https:\/\/nownow.gallery\/de\/wp-json\/wp\/v2\/types\/product"}],"replies":[{"embeddable":true,"href":"https:\/\/nownow.gallery\/de\/wp-json\/wp\/v2\/comments?post=10385"}],"wp:featuredmedia":[{"embeddable":true,"href":"https:\/\/nownow.gallery\/de\/wp-json\/wp\/v2\/media\/9268"}],"wp:attachment":[{"href":"https:\/\/nownow.gallery\/de\/wp-json\/wp\/v2\/media?parent=10385"}],"wp:term":[{"taxonomy":"product_brand","embeddable":true,"href":"https:\/\/nownow.gallery\/de\/wp-json\/wp\/v2\/product_brand?post=10385"},{"taxonomy":"product_cat","embeddable":true,"href":"https:\/\/nownow.gallery\/de\/wp-json\/wp\/v2\/product_cat?post=10385"},{"taxonomy":"product_tag","embeddable":true,"href":"https:\/\/nownow.gallery\/de\/wp-json\/wp\/v2\/product_tag?post=10385"}],"curies":[{"name":"wp","href":"https:\/\/api.w.org\/{rel}","templated":true}]}}