{"id":10248,"date":"2024-04-19T14:21:00","date_gmt":"2024-04-19T12:21:00","guid":{"rendered":"https:\/\/nownow.gallery\/shop\/unkategorisiert\/kedi\/"},"modified":"2025-03-31T09:51:50","modified_gmt":"2025-03-31T07:51:50","slug":"katzen-istanbul","status":"publish","type":"product","link":"https:\/\/nownow.gallery\/de\/shop\/freude\/kedi\/","title":{"rendered":"Kedi"},"content":{"rendered":"<h3>Die Liebe zu Katzen in Istanbul<\/h3>\n<p>Die Einwohner von Istanbul lieben ihre Katzen. Diese Liebe ist Teil ihres islamischen Glaubens. Die Legende besagt, dass die Katze des Propheten Mohammed ihm einst das Leben rettete, als sie ihn vor dem Biss einer giftigen Viper sch\u00fctzte. Aus diesem Grund geh\u00f6ren Katzen schon lange zum Stadtbild Istanbuls. F\u00fcr die Tiere, die \u00fcberall auf den Stra\u00dfen anzutreffen sind, wurden eigens H\u00e4user, Futtern\u00e4pfe und Decken angebracht. Es ist deswegen kaum verwunderlich, dass eine Frau mit ihrer Kedi (t\u00fcrkisch f\u00fcr Katze) am Bosporus spazieren geht.<\/p>\n","protected":false},"excerpt":{"rendered":"<p>2022, Animal(istic), Joy, True Romance, Uncategorized, Kedi, Gl\u00fcck, Haustier, K\u00e4tzchen, Katze, Symbol, Tier, Truthahn, T\u00fcrkisch, Amelie Niederbuchner<\/p>\n","protected":false},"featured_media":9210,"comment_status":"closed","ping_status":"closed","template":"","meta":{"iawp_total_views":24},"product_brand":[],"product_cat":[551,468,472,778],"product_tag":[610,609,608,606,611,607,612,613],"class_list":{"0":"post-10248","1":"product","2":"type-product","3":"status-publish","4":"has-post-thumbnail","6":"product_cat-tieristisch","7":"product_cat-freude","8":"product_cat-wahre-romantik","9":"product_cat-uncategorized-de","10":"product_tag-gluck","11":"product_tag-haustier","12":"product_tag-katzchen","13":"product_tag-katze","14":"product_tag-symbol-de","15":"product_tag-tier","16":"product_tag-truthahn","17":"product_tag-turkisch","19":"first","20":"instock","21":"featured","22":"taxable","23":"shipping-taxable","24":"purchasable","25":"product-type-variable"},"supplier_id":null,"supplier_sku":"","barcode":null,"atum_controlled":true,"out_stock_date":null,"out_stock_threshold":null,"inheritable":true,"inbound_stock":null,"stock_on_hold":0,"sold_today":0,"sales_last_days":0,"reserved_stock":null,"customer_returns":null,"warehouse_damage":null,"lost_in_post":null,"other_logs":null,"out_stock_days":0,"lost_sales":0,"has_location":false,"update_date":"2025-01-16T08:02:14","atum_locations":[],"atum_stock_status":"instock","restock_status":false,"low_stock_amount":"","sales_update_date":"2024-11-27T00:08:44","calc_backorders":null,"_links":{"self":[{"href":"https:\/\/nownow.gallery\/de\/wp-json\/wp\/v2\/product\/10248","targetHints":{"allow":["GET"]}}],"collection":[{"href":"https:\/\/nownow.gallery\/de\/wp-json\/wp\/v2\/product"}],"about":[{"href":"https:\/\/nownow.gallery\/de\/wp-json\/wp\/v2\/types\/product"}],"replies":[{"embeddable":true,"href":"https:\/\/nownow.gallery\/de\/wp-json\/wp\/v2\/comments?post=10248"}],"wp:featuredmedia":[{"embeddable":true,"href":"https:\/\/nownow.gallery\/de\/wp-json\/wp\/v2\/media\/9210"}],"wp:attachment":[{"href":"https:\/\/nownow.gallery\/de\/wp-json\/wp\/v2\/media?parent=10248"}],"wp:term":[{"taxonomy":"product_brand","embeddable":true,"href":"https:\/\/nownow.gallery\/de\/wp-json\/wp\/v2\/product_brand?post=10248"},{"taxonomy":"product_cat","embeddable":true,"href":"https:\/\/nownow.gallery\/de\/wp-json\/wp\/v2\/product_cat?post=10248"},{"taxonomy":"product_tag","embeddable":true,"href":"https:\/\/nownow.gallery\/de\/wp-json\/wp\/v2\/product_tag?post=10248"}],"curies":[{"name":"wp","href":"https:\/\/api.w.org\/{rel}","templated":true}]}}