{"id":10135,"date":"2024-04-19T14:12:41","date_gmt":"2024-04-19T12:12:41","guid":{"rendered":"https:\/\/nownow.gallery\/shop\/unkategorisiert\/otres\/"},"modified":"2025-03-31T10:00:39","modified_gmt":"2025-03-31T08:00:39","slug":"verlorenes-paradie","status":"publish","type":"product","link":"https:\/\/nownow.gallery\/de\/shop\/traume\/otres\/","title":{"rendered":"Otres"},"content":{"rendered":"<h3>Verlorenes Paradies<\/h3>\n<p>Otres Beach, in der N\u00e4he von Sihanoukville in Kambodscha, ist einer der sch\u00f6nsten Str\u00e4nde, die ich je besucht habe. Er f\u00e4llt sanft in das t\u00fcrkisfarbene Wasser des Golfs von Siam ab und ist von B\u00e4umen (Tamarisken und Kasuarinen) ges\u00e4umt. Abgesehen von mir und meinem Begleiter waren kaum andere Menschen in der N\u00e4he. Ich sa\u00df jeden Abend unter den B\u00e4umen auf dem Foto und beobachtete den Sonnenuntergang. Leider hat sich der Ort wohl stark ver\u00e4ndert, ist inzwischen gro\u00dfen chinesischen Investoren zum Opfer gefallen und nicht mehr wiederzuerkennen. Was bleibt, ist die Erinnerung an das ehemalige Paradies.<\/p>\n","protected":false},"excerpt":{"rendered":"<p>2017, Dreams, Nature Love, Party Time, Otres, B\u00e4ume, Landschaft, Natur, Sommer, Strand, Tr\u00e4ume, Urlaub, Urlaub, warm, Amelie Niederbuchner<\/p>\n","protected":false},"featured_media":9203,"comment_status":"closed","ping_status":"closed","template":"","meta":{"iawp_total_views":6},"product_brand":[],"product_cat":[460,461,474],"product_tag":[561,589,463,464,590,490,498,499,591],"class_list":{"0":"post-10135","1":"product","2":"type-product","3":"status-publish","4":"has-post-thumbnail","6":"product_cat-traume","7":"product_cat-natur-liebe","8":"product_cat-fortgehen","9":"product_tag-baume","10":"product_tag-landschaft","11":"product_tag-natur-de","12":"product_tag-sommer","13":"product_tag-strand","14":"product_tag-traume","15":"product_tag-urlaub-de","16":"product_tag-urlaub-de-2","17":"product_tag-warm-de","19":"first","20":"instock","21":"featured","22":"taxable","23":"shipping-taxable","24":"purchasable","25":"product-type-variable"},"supplier_id":null,"supplier_sku":"","barcode":null,"atum_controlled":true,"out_stock_date":null,"out_stock_threshold":null,"inheritable":true,"inbound_stock":null,"stock_on_hold":0,"sold_today":0,"sales_last_days":0,"reserved_stock":null,"customer_returns":null,"warehouse_damage":null,"lost_in_post":null,"other_logs":null,"out_stock_days":0,"lost_sales":0,"has_location":false,"update_date":"2025-01-16T08:13:16","atum_locations":[],"atum_stock_status":"instock","restock_status":false,"low_stock_amount":"","sales_update_date":"2024-11-27T00:08:30","calc_backorders":null,"_links":{"self":[{"href":"https:\/\/nownow.gallery\/de\/wp-json\/wp\/v2\/product\/10135","targetHints":{"allow":["GET"]}}],"collection":[{"href":"https:\/\/nownow.gallery\/de\/wp-json\/wp\/v2\/product"}],"about":[{"href":"https:\/\/nownow.gallery\/de\/wp-json\/wp\/v2\/types\/product"}],"replies":[{"embeddable":true,"href":"https:\/\/nownow.gallery\/de\/wp-json\/wp\/v2\/comments?post=10135"}],"wp:featuredmedia":[{"embeddable":true,"href":"https:\/\/nownow.gallery\/de\/wp-json\/wp\/v2\/media\/9203"}],"wp:attachment":[{"href":"https:\/\/nownow.gallery\/de\/wp-json\/wp\/v2\/media?parent=10135"}],"wp:term":[{"taxonomy":"product_brand","embeddable":true,"href":"https:\/\/nownow.gallery\/de\/wp-json\/wp\/v2\/product_brand?post=10135"},{"taxonomy":"product_cat","embeddable":true,"href":"https:\/\/nownow.gallery\/de\/wp-json\/wp\/v2\/product_cat?post=10135"},{"taxonomy":"product_tag","embeddable":true,"href":"https:\/\/nownow.gallery\/de\/wp-json\/wp\/v2\/product_tag?post=10135"}],"curies":[{"name":"wp","href":"https:\/\/api.w.org\/{rel}","templated":true}]}}