{"id":10129,"date":"2023-12-22T12:38:48","date_gmt":"2023-12-22T11:38:48","guid":{"rendered":"https:\/\/nownow.gallery\/shop\/unkategorisiert\/kein-laerm-mehr\/"},"modified":"2025-04-10T10:17:21","modified_gmt":"2025-04-10T08:17:21","slug":"die-stille-der-berge","status":"publish","type":"product","link":"https:\/\/nownow.gallery\/de\/shop\/traume\/kein-laerm-mehr\/","title":{"rendered":"No More Noise"},"content":{"rendered":"<h3>Die Still der Berge<\/h3>\n<p>Das ist ein Bild aus der Serie <em>Sight Seeing<\/em>, f\u00fcr die ich beauftragt wurde, durch meine Heimatregion Tirol zu flanieren und frei zu fotografieren. Es gab kein Briefing, kein klar formuliertes Ziel. Das Bild habe ich in Serfaus aufgenommen. Das Skigebiet dort ist riesig; im Winter findet jede Woche die Snow Show statt. Einheimische Skilehrer zeigen Tricks beim Springen \u00fcber eine Schanze oder demonstrieren auf den Pisten das Synchronskifahren. Sogar Pistenraupen fahren in einer Art Ballett-Choreographie einen Hang hinunter. Am Ende der Auff\u00fchrung gibt es ein gro\u00dfes Feuerwerk. Am unteren Rand des Bildes sieht man einen winzigen Funken der Lichtshow. F\u00fcr mich war jedoch der Berg hinter dem Spektakel interessanter. Es war still und nur leicht beleuchtet. Auf den Pisten waren nachts keine Menschen unterwegs, weil alle die Skilehrer beobachteten. Die Szenerie sieht ruhig aus, aber das war sie ganz und gar nicht.<\/p>\n","protected":false},"excerpt":{"rendered":"<p>2011, Dreams, Nature Love, No More Noise, Berge, Schnee, Skifahren, Sport, Verena Kathrein<\/p>\n","protected":false},"featured_media":8945,"comment_status":"closed","ping_status":"closed","template":"","meta":{"iawp_total_views":17},"product_brand":[],"product_cat":[460,461],"product_tag":[563,564,587,588],"class_list":{"0":"post-10129","1":"product","2":"type-product","3":"status-publish","4":"has-post-thumbnail","6":"product_cat-traume","7":"product_cat-natur-liebe","8":"product_tag-berge","9":"product_tag-schnee","10":"product_tag-skifahren","11":"product_tag-sport","13":"first","14":"instock","15":"featured","16":"taxable","17":"shipping-taxable","18":"purchasable","19":"product-type-variable"},"supplier_id":null,"supplier_sku":"","barcode":null,"atum_controlled":true,"out_stock_date":null,"out_stock_threshold":null,"inheritable":false,"inbound_stock":null,"stock_on_hold":0,"sold_today":0,"sales_last_days":0,"reserved_stock":null,"customer_returns":null,"warehouse_damage":null,"lost_in_post":null,"other_logs":null,"out_stock_days":0,"lost_sales":0,"has_location":null,"update_date":"2024-11-22T00:02:05","atum_locations":[],"atum_stock_status":"instock","restock_status":false,"low_stock_amount":"","sales_update_date":"2024-11-22T00:02:05","calc_backorders":null,"_links":{"self":[{"href":"https:\/\/nownow.gallery\/de\/wp-json\/wp\/v2\/product\/10129","targetHints":{"allow":["GET"]}}],"collection":[{"href":"https:\/\/nownow.gallery\/de\/wp-json\/wp\/v2\/product"}],"about":[{"href":"https:\/\/nownow.gallery\/de\/wp-json\/wp\/v2\/types\/product"}],"replies":[{"embeddable":true,"href":"https:\/\/nownow.gallery\/de\/wp-json\/wp\/v2\/comments?post=10129"}],"wp:featuredmedia":[{"embeddable":true,"href":"https:\/\/nownow.gallery\/de\/wp-json\/wp\/v2\/media\/8945"}],"wp:attachment":[{"href":"https:\/\/nownow.gallery\/de\/wp-json\/wp\/v2\/media?parent=10129"}],"wp:term":[{"taxonomy":"product_brand","embeddable":true,"href":"https:\/\/nownow.gallery\/de\/wp-json\/wp\/v2\/product_brand?post=10129"},{"taxonomy":"product_cat","embeddable":true,"href":"https:\/\/nownow.gallery\/de\/wp-json\/wp\/v2\/product_cat?post=10129"},{"taxonomy":"product_tag","embeddable":true,"href":"https:\/\/nownow.gallery\/de\/wp-json\/wp\/v2\/product_tag?post=10129"}],"curies":[{"name":"wp","href":"https:\/\/api.w.org\/{rel}","templated":true}]}}