{"id":10065,"date":"2023-12-22T14:06:35","date_gmt":"2023-12-22T13:06:35","guid":{"rendered":"https:\/\/nownow.gallery\/shop\/unkategorisiert\/schranke\/"},"modified":"2025-04-08T08:54:28","modified_gmt":"2025-04-08T06:54:28","slug":"pommes-rot-weiss","status":"publish","type":"product","link":"https:\/\/nownow.gallery\/de\/shop\/essen-liebe\/schranke\/","title":{"rendered":"Schranke"},"content":{"rendered":"<h3>Pommes rot-wei\u00df<\/h3>\n<p>Die Musikerin Helena Hauff und ich bekamen w\u00e4hrend eines Covershootings f\u00fcr das Musikmagazin <em>borshch<\/em> Hunger. Wir waren im Hamburger Zoo und haben dort Pommes geholt. Rot und wei\u00df, nat\u00fcrlich. Sie waren k\u00f6stlich.<\/p>\n","protected":false},"excerpt":{"rendered":"<p>2020, Food Love, Schranke, Ketchup, Lebensmittel, Pommes frites, Snack, Daniel Feistenauer<\/p>\n","protected":false},"featured_media":8998,"comment_status":"closed","ping_status":"closed","template":"","meta":{"iawp_total_views":15},"product_brand":[],"product_cat":[467],"product_tag":[580,579,582,581],"class_list":{"0":"post-10065","1":"product","2":"type-product","3":"status-publish","4":"has-post-thumbnail","6":"product_cat-essen-liebe","7":"product_tag-ketchup-de","8":"product_tag-lebensmittel","9":"product_tag-pommes-frites","10":"product_tag-snack-de","12":"first","13":"instock","14":"taxable","15":"shipping-taxable","16":"purchasable","17":"product-type-variable"},"supplier_id":null,"supplier_sku":"","barcode":null,"atum_controlled":true,"out_stock_date":null,"out_stock_threshold":null,"inheritable":false,"inbound_stock":null,"stock_on_hold":0,"sold_today":0,"sales_last_days":0,"reserved_stock":null,"customer_returns":null,"warehouse_damage":null,"lost_in_post":null,"other_logs":null,"out_stock_days":0,"lost_sales":0,"has_location":null,"update_date":"2024-11-29T00:11:55","atum_locations":[],"atum_stock_status":"instock","restock_status":false,"low_stock_amount":"","sales_update_date":"2024-11-29T00:11:55","calc_backorders":null,"_links":{"self":[{"href":"https:\/\/nownow.gallery\/de\/wp-json\/wp\/v2\/product\/10065","targetHints":{"allow":["GET"]}}],"collection":[{"href":"https:\/\/nownow.gallery\/de\/wp-json\/wp\/v2\/product"}],"about":[{"href":"https:\/\/nownow.gallery\/de\/wp-json\/wp\/v2\/types\/product"}],"replies":[{"embeddable":true,"href":"https:\/\/nownow.gallery\/de\/wp-json\/wp\/v2\/comments?post=10065"}],"wp:featuredmedia":[{"embeddable":true,"href":"https:\/\/nownow.gallery\/de\/wp-json\/wp\/v2\/media\/8998"}],"wp:attachment":[{"href":"https:\/\/nownow.gallery\/de\/wp-json\/wp\/v2\/media?parent=10065"}],"wp:term":[{"taxonomy":"product_brand","embeddable":true,"href":"https:\/\/nownow.gallery\/de\/wp-json\/wp\/v2\/product_brand?post=10065"},{"taxonomy":"product_cat","embeddable":true,"href":"https:\/\/nownow.gallery\/de\/wp-json\/wp\/v2\/product_cat?post=10065"},{"taxonomy":"product_tag","embeddable":true,"href":"https:\/\/nownow.gallery\/de\/wp-json\/wp\/v2\/product_tag?post=10065"}],"curies":[{"name":"wp","href":"https:\/\/api.w.org\/{rel}","templated":true}]}}