{"id":9293,"date":"2023-08-14T16:03:07","date_gmt":"2023-08-14T14:03:07","guid":{"rendered":"https:\/\/nownow.gallery\/impressum\/"},"modified":"2024-05-03T10:29:08","modified_gmt":"2024-05-03T08:29:08","slug":"imprint","status":"publish","type":"page","link":"https:\/\/nownow.gallery\/de\/imprint\/","title":{"rendered":"Impressum"},"content":{"rendered":"\t\t<div data-elementor-type=\"wp-page\" data-elementor-id=\"9293\" class=\"elementor elementor-9293 elementor-1406\" data-elementor-post-type=\"page\">\n\t\t\t\t<div class=\"elementor-element elementor-element-0d1df62 e-flex e-con-boxed e-con e-parent\" data-id=\"0d1df62\" data-element_type=\"container\" data-settings=\"{&quot;background_background&quot;:&quot;classic&quot;}\">\n\t\t\t\t\t<div class=\"e-con-inner\">\n\t\t\t\t<div class=\"elementor-element elementor-element-1102b3b elementor-widget elementor-widget-heading\" data-id=\"1102b3b\" data-element_type=\"widget\" data-widget_type=\"heading.default\">\n\t\t\t\t<div class=\"elementor-widget-container\">\n\t\t\t\t\t<h1 class=\"elementor-heading-title elementor-size-default\">Impressum<\/h1>\t\t\t\t<\/div>\n\t\t\t\t<\/div>\n\t\t\t\t<div class=\"elementor-element elementor-element-de657d8 links animate--link elementor-widget elementor-widget-text-editor\" data-id=\"de657d8\" data-element_type=\"widget\" data-widget_type=\"text-editor.default\">\n\t\t\t\t<div class=\"elementor-widget-container\">\n\t\t\t\t\t\t\t\t\t<p><strong>The Now Now ist ein Angebot von:<\/strong><\/p>\n<p>Aichinger Ena, Sarreiter Benedikt, Zurfl\u00fch Alexis GbR<br \/>Eduard-Schmid Stra\u00dfe 23<br \/>81541 M\u00fcnchen<br \/>Deutschland<\/p>\n<p><strong>Autorisierte Partner:<\/strong><\/p>\n<p>Verena Aichinger, Benedikt Sarreiter, Alexis Zurfl\u00fch<\/p>\n<p>www.nownow.gallery<\/p>\n<p>Kontakt: info@nownow.gallery<\/p>\n<p>Umsatzsteuer-Identifikationsnummer gem\u00e4\u00df \u00a7 27 a Umsatzsteuergesetz (UStG): DE360872042<\/p>\n<p><strong>Redaktionell verantwortlich:<\/strong><\/p>\n<p>Verena Aichinger, Benedikt Sarreiter, Alexis Zurfl\u00fch<\/p>\n<p>Verbraucherinformationen zur Online-Streitbeilegung gem\u00e4\u00df der Verordnung (EU) Nr. 524\/2013:<\/p>\n<p>Im Rahmen der Verordnung \u00fcber die Online-Streitbeilegung in Verbraucherangelegenheiten ist eine von der Europ\u00e4ischen Kommission bereitgestellte Plattform zur Online-Streitbeilegung unter http:\/\/ec.europa.eu\/consumers\/odr\/ verf\u00fcgbar.<\/p>\n<p><strong>Website Design erstellt von <a href=\"https:\/\/alexiszurflueh.com\" target=\"_blank\" rel=\"noopener\">(Team) Alexis Z\u00fcrfluh<\/a><\/strong><\/p>\n\t\t\t\t\t\t\t\t<\/div>\n\t\t\t\t<\/div>\n\t\t\t\t\t<\/div>\n\t\t\t\t<\/div>\n\t\t\t\t<\/div>\n\t\t","protected":false},"excerpt":{"rendered":"<p>Impressum The Now Now ist ein Angebot von: Aichinger Ena, Sarreiter Benedikt, Zurfl\u00fch Alexis GbREduard-Schmid Stra\u00dfe 2381541 M\u00fcnchenDeutschland Autorisierte Partner: Verena Aichinger, Benedikt Sarreiter, Alexis Zurfl\u00fch www.nownow.gallery Kontakt: info@nownow.gallery Umsatzsteuer-Identifikationsnummer gem\u00e4\u00df \u00a7 27 a Umsatzsteuergesetz (UStG): DE360872042 Redaktionell verantwortlich: Verena Aichinger, Benedikt Sarreiter, Alexis Zurfl\u00fch Verbraucherinformationen zur Online-Streitbeilegung gem\u00e4\u00df der Verordnung (EU) Nr. 524\/2013: Im [&hellip;]<\/p>\n","protected":false},"author":2,"featured_media":0,"parent":0,"menu_order":0,"comment_status":"closed","ping_status":"closed","template":"","meta":{"iawp_total_views":82,"footnotes":""},"class_list":["post-9293","page","type-page","status-publish","hentry"],"_links":{"self":[{"href":"https:\/\/nownow.gallery\/de\/wp-json\/wp\/v2\/pages\/9293","targetHints":{"allow":["GET"]}}],"collection":[{"href":"https:\/\/nownow.gallery\/de\/wp-json\/wp\/v2\/pages"}],"about":[{"href":"https:\/\/nownow.gallery\/de\/wp-json\/wp\/v2\/types\/page"}],"author":[{"embeddable":true,"href":"https:\/\/nownow.gallery\/de\/wp-json\/wp\/v2\/users\/2"}],"replies":[{"embeddable":true,"href":"https:\/\/nownow.gallery\/de\/wp-json\/wp\/v2\/comments?post=9293"}],"version-history":[{"count":1,"href":"https:\/\/nownow.gallery\/de\/wp-json\/wp\/v2\/pages\/9293\/revisions"}],"predecessor-version":[{"id":9297,"href":"https:\/\/nownow.gallery\/de\/wp-json\/wp\/v2\/pages\/9293\/revisions\/9297"}],"wp:attachment":[{"href":"https:\/\/nownow.gallery\/de\/wp-json\/wp\/v2\/media?parent=9293"}],"curies":[{"name":"wp","href":"https:\/\/api.w.org\/{rel}","templated":true}]}}