{"id":9289,"date":"2023-08-14T15:47:44","date_gmt":"2023-08-14T13:47:44","guid":{"rendered":"https:\/\/nownow.gallery\/datenschutz\/"},"modified":"2024-05-03T10:10:46","modified_gmt":"2024-05-03T08:10:46","slug":"data-protection","status":"publish","type":"page","link":"https:\/\/nownow.gallery\/de\/data-protection\/","title":{"rendered":"Datenschutz"},"content":{"rendered":"\t\t<div data-elementor-type=\"wp-page\" data-elementor-id=\"9289\" class=\"elementor elementor-9289 elementor-1381\" data-elementor-post-type=\"page\">\n\t\t\t\t<div class=\"elementor-element elementor-element-55b3336 e-flex e-con-boxed e-con e-parent\" data-id=\"55b3336\" data-element_type=\"container\" data-settings=\"{&quot;background_background&quot;:&quot;classic&quot;}\">\n\t\t\t\t\t<div class=\"e-con-inner\">\n\t\t\t\t<div class=\"elementor-element elementor-element-d1aff20 elementor-widget elementor-widget-heading\" data-id=\"d1aff20\" data-element_type=\"widget\" data-widget_type=\"heading.default\">\n\t\t\t\t<div class=\"elementor-widget-container\">\n\t\t\t\t\t<h1 class=\"elementor-heading-title elementor-size-default\">Datenschutz<\/h1>\t\t\t\t<\/div>\n\t\t\t\t<\/div>\n\t\t\t\t<div class=\"elementor-element elementor-element-bbb5987 links animate--link elementor-widget elementor-widget-text-editor\" data-id=\"bbb5987\" data-element_type=\"widget\" data-widget_type=\"text-editor.default\">\n\t\t\t\t<div class=\"elementor-widget-container\">\n\t\t\t\t\t\t\t\t\t<p><strong>Datenschutzbestimmungen der Online-Galerie The Now Now<\/strong><\/p>\n<p><strong>1. Einf\u00fchrung<\/strong><br \/>Wir, die The Now Now GbR, nehmen den Schutz Ihrer pers\u00f6nlichen Daten sehr ernst. Diese Datenschutzerkl\u00e4rung erl\u00e4utert, wie wir Ihre pers\u00f6nlichen Daten verarbeiten, wenn Sie unsere Website nutzen.<\/p>\n<p><strong>2. Erhebung und Verarbeitung pers\u00f6nlicher Daten<\/strong><br \/>Zu den personenbezogenen Daten, die Sie uns zur Verf\u00fcgung stellen, geh\u00f6ren die Informationen, die Sie angeben, wenn Sie sich auf unserer Website registrieren, eine Bestellung aufgeben, uns kontaktieren oder unseren Newsletter abonnieren. Beispiele hierf\u00fcr sind Ihr Name, Ihre Adresse, Ihre E-Mail-Adresse und Ihre Zahlungsinformationen.<br \/>Automatisch erfasste Daten: W\u00e4hrend Ihres Besuchs auf unserer Website erfassen wir automatisch bestimmte Daten, um die Nutzung unserer Dienste zu erm\u00f6glichen. Dazu geh\u00f6ren Ihre IP-Adresse, der Zeitpunkt des Besuchs, der verwendete Browser, das Betriebssystem und \u00e4hnliche technische Informationen.<\/p>\n<p><strong>3. Kundenkonto<\/strong><br \/>Um bestimmte Funktionen zu nutzen, k\u00f6nnen Sie auf unserer Website ein Kundenkonto anlegen. Die dabei \u00fcbermittelten Daten, wie Vorname, Nachname, Adresse, Rechnungsadresse, E-Mail-Adresse und Telefonnummer, werden ausschlie\u00dflich f\u00fcr die Nutzung des jeweiligen Angebots oder Dienstes verwendet. Die obligatorischen Angaben m\u00fcssen vollst\u00e4ndig ausgef\u00fcllt werden. Wir werden Sie per E-Mail an die bei der Registrierung angegebene Adresse \u00fcber wichtige \u00c4nderungen informieren.<br \/>Die Verarbeitung der bei der Registrierung eingegebenen Daten erfolgt auf der Grundlage Ihrer Einwilligung (Art. 6 Abs. 1 lit. a GDPR). Sie k\u00f6nnen Ihre Zustimmung jederzeit widerrufen. Eine formelle E-Mail ist f\u00fcr den Widerruf ausreichend. Die Rechtm\u00e4\u00dfigkeit der bis zum Widerruf erfolgten Datenverarbeitung bleibt hiervon unber\u00fchrt.<br \/>Wir speichern die bei der Registrierung erhobenen Daten f\u00fcr den Zeitraum, in dem Sie auf unserer Website registriert sind. Ihre Daten werden gel\u00f6scht, wenn Sie Ihre Registrierung aufheben. Die gesetzlichen Aufbewahrungsfristen bleiben davon unber\u00fchrt.<\/p>\n<p><strong>4. Newsletter<\/strong><br \/>Wenn Sie unseren Newsletter abonnieren, verwenden wir die daf\u00fcr erforderlichen Daten, d.h. Ihre E-Mail-Adresse, um Ihnen regelm\u00e4\u00dfig unseren E-Mail-Newsletter gem\u00e4\u00df Ihrer Einwilligung nach Art. 6 Abs. 1 S. 1 Lit. a GDPR. Sie k\u00f6nnen den Newsletter jederzeit abbestellen, entweder durch eine Nachricht an die unten beschriebene Kontaktm\u00f6glichkeit oder \u00fcber einen Link im Newsletter.<\/p>\n<p><strong>5. Verwendungszwecke<\/strong><br \/>Wir verwenden Ihre Daten, um unsere vertraglichen Verpflichtungen zu erf\u00fcllen, Ihre Bestellungen zu bearbeiten, Zahlungen abzuwickeln, die Kommunikation zu erm\u00f6glichen und Ihnen Informationen \u00fcber unsere Produkte und Dienstleistungen zukommen zu lassen, sofern Sie dem zugestimmt haben.<\/p>\n<p><strong>6. Daten\u00fcbertragung f\u00fcr den Versand<\/strong><br \/>Wir geben Ihre Daten nur dann an Dritte weiter, wenn dies f\u00fcr die Vertragserf\u00fcllung notwendig ist, zum Beispiel an Zahlungs- oder Logistikunternehmen. Mit Ihrer ausdr\u00fccklichen Zustimmung geben wir Ihre E-Mail-Adresse an den Versanddienstleister weiter, damit dieser Sie vor der Lieferung kontaktieren kann.<br \/>Sie k\u00f6nnen Ihre Zustimmung jederzeit widerrufen, indem Sie eine Nachricht an die in dieser Datenschutzrichtlinie beschriebene Kontaktoption oder direkt an den Versanddienstleister \u00fcber die unten aufgef\u00fchrte Kontaktadresse senden. Nach dem Widerruf werden wir Ihre zu diesem Zweck zur Verf\u00fcgung gestellten Daten l\u00f6schen, es sei denn, Sie haben ausdr\u00fccklich in die weitere Verwendung Ihrer Daten eingewilligt oder wir behalten uns eine dar\u00fcber hinausgehende Datenverwendung vor, die gesetzlich zul\u00e4ssig ist und \u00fcber die wir Sie in dieser Erkl\u00e4rung informieren werden.<\/p>\n<p><strong>7. Datentransfer f\u00fcr die Zahlungsabwicklung<\/strong><br \/>Bei der Abwicklung von Zahlungen in unserem Online-Shop arbeiten wir mit folgenden Partnern zusammen: technische Dienstleister, Kreditinstitute, Zahlungsdienstleister. Je nach gew\u00e4hlter Zahlungsart geben wir die f\u00fcr die Abwicklung des Zahlungsvorgangs erforderlichen Daten an unsere in unserem Auftrag handelnden Dienstleister oder an die beauftragten Kreditinstitute bzw. den gew\u00e4hlten Zahlungsdienstleister weiter, soweit dies f\u00fcr die Zahlungsabwicklung erforderlich ist. Teilweise erheben Zahlungsdienstleister die f\u00fcr die Zahlungsabwicklung notwendigen Daten selbst, z.B. auf ihrer eigenen Website oder durch eine technische Integration in den Bestellprozess. In diesem Fall gilt die Datenschutzrichtlinie des jeweiligen Zahlungsdienstleisters.<\/p>\n<p><strong>8. Datensicherheit<\/strong><br \/>Wir ergreifen geeignete technische und organisatorische Ma\u00dfnahmen, um Ihre Daten vor unberechtigtem Zugriff und Missbrauch zu sch\u00fctzen.<\/p>\n<p><strong>9. Cookies und Tracking-Technologien<\/strong><br \/>Unsere Website verwendet Cookies und \u00e4hnliche Technologien, um Ihr Online-Erlebnis zu verbessern und unser Angebot zu optimieren. Sie k\u00f6nnen Ihren Browser so einstellen, dass Sie \u00fcber das Setzen von Cookies informiert werden und Cookies nur von Fall zu Fall zulassen, was die Funktionalit\u00e4t unserer Dienste f\u00fcr Sie einschr\u00e4nken k\u00f6nnte. Cookies k\u00f6nnen dort auch gel\u00f6scht werden.<\/p>\n<p><strong>10. Google Analytics<\/strong><br \/>Diese Website benutzt Google Analytics, einen Webanalysedienst der Google Inc. (&#8222;Google&#8220;). Es verwendet &#8222;Cookies&#8220;. Die durch die Cookies erzeugten Informationen \u00fcber Ihre Benutzung dieser Website (einschlie\u00dflich Ihrer IP-Adresse) werden an einen Server von Google in den Vereinigten Staaten \u00fcbertragen und dort gespeichert. Google h\u00e4lt sich an die Datenschutzbestimmungen des &#8222;EU-US Privacy Shield&#8220;-Abkommens und ist in der entsprechenden Liste eingetragen. Google wird diese Informationen benutzen, um Ihre Nutzung der Website auszuwerten, um Reports \u00fcber die Websiteaktivit\u00e4ten f\u00fcr uns zusammenzustellen und um weitere mit der Websitenutzung und der Internetnutzung verbundene Dienstleistungen zu erbringen. Auch wird Google diese Informationen gegebenenfalls an Dritte \u00fcbertragen, sofern dies gesetzlich vorgeschrieben oder soweit Dritte diese Daten im Auftrag von Google verarbeiten. Google wird Ihre IP-Adresse nicht mit anderen von Google gespeicherten Daten in Verbindung bringen. Sie k\u00f6nnen die Installation der Cookies durch eine entsprechende Einstellung Ihrer Browser Software verhindern; wir weisen Sie jedoch darauf hin, dass Sie in diesem Fall gegebenenfalls nicht s\u00e4mtliche Funktionen dieser Website voll umf\u00e4nglich nutzen k\u00f6nnen. Wenn Sie nicht m\u00f6chten, dass Ihre Website-Besuchsdaten an Google Analytics \u00fcbermittelt werden, k\u00f6nnen Sie ein &#8222;Deaktivierungs-Add-on&#8220; f\u00fcr Ihren Browser installieren. Der aktuelle Link lautet: http:\/\/tools.google.com\/dlpage\/gaoptout?hl=de<\/p>\n<p><strong>11. Soziale Medien<\/strong><br \/>Unsere Online-Pr\u00e4senz auf Instagram<br \/>Soweit Sie Ihre Einwilligung nach Art. 6 Abs. 1 S. 1 Lit. a GDPR an den jeweiligen Social-Media-Betreiber \u00fcbermitteln, werden zu Marktforschungs- und Werbezwecken automatisch Daten \u00fcber Ihren Besuch unserer Online-Pr\u00e4senzen auf den genannten Social-Media-Plattformen erhoben und gespeichert, aus denen unter Verwendung von Pseudonymen Nutzungsprofile erstellt werden. Diese k\u00f6nnen zum Beispiel dazu verwendet werden, um innerhalb und au\u00dferhalb der Plattformen Werbung zu schalten, die vermutlich Ihren Interessen entspricht. In der Regel werden zu diesem Zweck Cookies verwendet. Detaillierte Informationen zur Verarbeitung und Nutzung von Daten durch den Social Media-Betreiber sowie eine Kontaktm\u00f6glichkeit und Ihre entsprechenden Rechte und Einstellungsm\u00f6glichkeiten zum Schutz Ihrer Privatsph\u00e4re entnehmen Sie bitte den unten verlinkten Datenschutzhinweisen der Anbieter. Wenn Sie noch Hilfe ben\u00f6tigen, k\u00f6nnen Sie uns kontaktieren.<br \/>Instagram ist ein Dienst der Facebook Ireland Ltd., 4 Grand Canal Square, Dublin 2, Irland (&#8222;Facebook Irland&#8220;). Die von Facebook Irland automatisch erfassten Informationen \u00fcber Ihre Nutzung unserer Online-Pr\u00e4senz auf Instagram werden in der Regel an einen Server der Facebook, Inc., 1601 Willow Road, Menlo Park, California 94025, USA, \u00fcbertragen und dort gespeichert. Es gibt keine Angemessenheitsentscheidung der Europ\u00e4ischen Kommission f\u00fcr die USA. Unsere Zusammenarbeit mit ihnen basiert auf den Standardvertragsklauseln der Europ\u00e4ischen Kommission. Die Datenverarbeitung im Zusammenhang mit dem Besuch einer Instagram-Fanpage basiert auf einer Vereinbarung zwischen den gemeinsam f\u00fcr die Verarbeitung Verantwortlichen gem\u00e4\u00df Art. 26 GDPR. Weitere Informationen (Informationen zu Insights-Daten) finden Sie hier.<\/p>\n<p><strong>12. Ihre Rechte<\/strong><br \/>Widerruf Ihrer Zustimmung zur Datenverarbeitung<br \/>Nur mit Ihrer ausdr\u00fccklichen Zustimmung sind einige Datenverarbeitungsvorg\u00e4nge m\u00f6glich. Sie k\u00f6nnen Ihre Zustimmung jederzeit widerrufen. Eine formelle E-Mail ist f\u00fcr den Widerruf ausreichend. Die Rechtm\u00e4\u00dfigkeit der bis zum Widerruf erfolgten Datenverarbeitung bleibt hiervon unber\u00fchrt.<br \/>Recht auf Einreichung einer Beschwerde bei der zust\u00e4ndigen Aufsichtsbeh\u00f6rde<br \/>Als betroffene Person haben Sie das Recht, im Falle eines Datenschutzversto\u00dfes eine Beschwerde bei der zust\u00e4ndigen Aufsichtsbeh\u00f6rde einzureichen. Die zust\u00e4ndige Aufsichtsbeh\u00f6rde f\u00fcr Fragen des Datenschutzes ist der Landesdatenschutzbeauftragte des Bundeslandes, in dem unser Unternehmen seinen Sitz hat. Unter dem folgenden Link finden Sie eine Liste der Datenschutzbeauftragten und deren Kontaktdaten: https:\/\/www.bfdi.bund.de\/DE\/Infothek\/Anschriften_Links\/anschriften_links-node.html.<br \/>Recht auf Daten\u00fcbertragbarkeit<br \/>Sie haben das Recht, Daten, die wir aufgrund Ihrer Einwilligung oder in Erf\u00fcllung eines Vertrages verarbeiten, automatisch an sich selbst oder an einen Dritten in einem standardisierten, maschinenlesbaren Format zu \u00fcbermitteln. Wenn Sie die direkte \u00dcbermittlung der Daten an einen anderen f\u00fcr die Verarbeitung Verantwortlichen verlangen, erfolgt dies nur, soweit es technisch machbar ist.<br \/>Recht auf Auskunft, Berichtigung, Sperrung, L\u00f6schung<br \/>Sie haben im Rahmen der geltenden gesetzlichen Bestimmungen jederzeit das Recht auf unentgeltliche Auskunft \u00fcber Ihre gespeicherten personenbezogenen Daten, deren Herkunft, deren Empf\u00e4nger und den Zweck der Datenverarbeitung sowie ggf. ein Recht auf Berichtigung, Sperrung oder L\u00f6schung dieser Daten. Hierzu sowie zu weiteren Fragen zum Thema personenbezogene Daten k\u00f6nnen Sie sich jederzeit \u00fcber die im Impressum angegebenen Kontaktm\u00f6glichkeiten an uns wenden.<\/p>\n<p><strong>13. \u00c4nderungen der Datenschutzbestimmungen<\/strong><br \/>Wir behalten uns das Recht vor, diese Datenschutzerkl\u00e4rung an ge\u00e4nderte rechtliche Gegebenheiten oder \u00c4nderungen unseres Services anzupassen.<\/p>\n<p><strong>14. Kontakt<\/strong><br \/>Bei Fragen zum Datenschutz kontaktieren Sie uns bitte unter: info@nownow.gallery.<\/p>\n<p>Datum: April 2024<\/p>\n\t\t\t\t\t\t\t\t<\/div>\n\t\t\t\t<\/div>\n\t\t\t\t\t<\/div>\n\t\t\t\t<\/div>\n\t\t\t\t<\/div>\n\t\t","protected":false},"excerpt":{"rendered":"<p>Datenschutz Datenschutzbestimmungen der Online-Galerie The Now Now 1. Einf\u00fchrungWir, die The Now Now GbR, nehmen den Schutz Ihrer pers\u00f6nlichen Daten sehr ernst. Diese Datenschutzerkl\u00e4rung erl\u00e4utert, wie wir Ihre pers\u00f6nlichen Daten verarbeiten, wenn Sie unsere Website nutzen. 2. Erhebung und Verarbeitung pers\u00f6nlicher DatenZu den personenbezogenen Daten, die Sie uns zur Verf\u00fcgung stellen, geh\u00f6ren die Informationen, die [&hellip;]<\/p>\n","protected":false},"author":2,"featured_media":0,"parent":0,"menu_order":0,"comment_status":"closed","ping_status":"closed","template":"","meta":{"iawp_total_views":1,"footnotes":""},"class_list":["post-9289","page","type-page","status-publish","hentry"],"_links":{"self":[{"href":"https:\/\/nownow.gallery\/de\/wp-json\/wp\/v2\/pages\/9289","targetHints":{"allow":["GET"]}}],"collection":[{"href":"https:\/\/nownow.gallery\/de\/wp-json\/wp\/v2\/pages"}],"about":[{"href":"https:\/\/nownow.gallery\/de\/wp-json\/wp\/v2\/types\/page"}],"author":[{"embeddable":true,"href":"https:\/\/nownow.gallery\/de\/wp-json\/wp\/v2\/users\/2"}],"replies":[{"embeddable":true,"href":"https:\/\/nownow.gallery\/de\/wp-json\/wp\/v2\/comments?post=9289"}],"version-history":[{"count":2,"href":"https:\/\/nownow.gallery\/de\/wp-json\/wp\/v2\/pages\/9289\/revisions"}],"predecessor-version":[{"id":12193,"href":"https:\/\/nownow.gallery\/de\/wp-json\/wp\/v2\/pages\/9289\/revisions\/12193"}],"wp:attachment":[{"href":"https:\/\/nownow.gallery\/de\/wp-json\/wp\/v2\/media?parent=9289"}],"curies":[{"name":"wp","href":"https:\/\/api.w.org\/{rel}","templated":true}]}}